{"id":16,"date":"2018-11-21T17:51:10","date_gmt":"2018-11-21T19:51:10","guid":{"rendered":"http:\/\/lucasandrade.com.br\/?page_id=16"},"modified":"2025-05-26T17:59:05","modified_gmt":"2025-05-26T20:59:05","slug":"sobre","status":"publish","type":"page","link":"https:\/\/lucasandrade.com.br\/en\/sobre\/","title":{"rendered":"About"},"content":{"rendered":"<div class=\"wp-block-group is-nowrap is-layout-flex wp-container-core-group-is-layout-64989fb1 wp-block-group-is-layout-flex\">\n<p>With a degree in <strong>Architecture and Urbanism<\/strong>, com P\u00f3s-gradua\u00e7\u00e3o em <strong>Commercial Architecture &amp; Visual Merchandising<\/strong>, atuo desde 2012 na cria\u00e7\u00e3o de projetos para o varejo. Passei por grandes est\u00fadios e ag\u00eancias especializadas em <strong>design para o ponto de venda<\/strong>, com trabalhos reconhecidos por pr\u00eamios como o Design de Varejo (<em>Retail Design Institute<\/em>) e o Inova\u00e7\u00e3o em Design de Varejo (<em>Latam Retail Show<\/em>).<br><br>Atualmente, sou <strong>Creative and 3D Design Coordinator<\/strong> at <strong><a href=\"https:\/\/www.instagram.com\/vimer.retail\">Vimer<\/a><\/strong> \/ <strong><a href=\"https:\/\/www.instagram.com\/studio_firma\/\">Studio Firma<\/a> <\/strong>\u2013 empresas parceiras focadas em <strong>Visual Merchandising<\/strong> \u2013 onde planejo e lidero equipes de cria\u00e7\u00e3o 2D e 3D, desenvolvendo estrat\u00e9gias visuais e solu\u00e7\u00f5es criativas para lojas, campanhas, ativa\u00e7\u00f5es e eventos de grandes marcas nacionais e internacionais.<br><br>Paralelamente, atuo como aut\u00f4nomo em <strong>projetos de arquitetura e design de interiores<\/strong> comerciais, residenciais e corporativos, desenvolvendo ambienta\u00e7\u00f5es, layouts, modelagens 3D e detalhamentos executivos, com dom\u00ednio de ferramentas como AutoCAD, SketchUp, V-Ray, Lumion, Photoshop e Illustrator.<\/p>\n\n\n\n<hr class=\"wp-block-separator has-alpha-channel-opacity\"\/>\n\n\n\n<div style=\"height:100px;width:197px\" aria-hidden=\"true\" class=\"wp-block-spacer wp-container-content-f4774eab\"><\/div>\n\n\n\n<figure class=\"wp-block-image size-full is-resized is-style-rounded\"><img loading=\"lazy\" decoding=\"async\" width=\"2560\" height=\"2257\" src=\"https:\/\/lucasandrade.com.br\/wp-content\/uploads\/2025\/05\/01-scaled.jpg\" alt=\"\" class=\"wp-image-1164\" style=\"aspect-ratio:1;object-fit:cover;width:592px;height:auto\" srcset=\"https:\/\/lucasandrade.com.br\/wp-content\/uploads\/2025\/05\/01-scaled.jpg 2560w, https:\/\/lucasandrade.com.br\/wp-content\/uploads\/2025\/05\/01-300x265.jpg 300w, https:\/\/lucasandrade.com.br\/wp-content\/uploads\/2025\/05\/01-1024x903.jpg 1024w, https:\/\/lucasandrade.com.br\/wp-content\/uploads\/2025\/05\/01-768x677.jpg 768w, https:\/\/lucasandrade.com.br\/wp-content\/uploads\/2025\/05\/01-1536x1354.jpg 1536w, https:\/\/lucasandrade.com.br\/wp-content\/uploads\/2025\/05\/01-2048x1806.jpg 2048w, https:\/\/lucasandrade.com.br\/wp-content\/uploads\/2025\/05\/01-14x12.jpg 14w, https:\/\/lucasandrade.com.br\/wp-content\/uploads\/2025\/05\/01-800x705.jpg 800w, https:\/\/lucasandrade.com.br\/wp-content\/uploads\/2025\/05\/01-400x353.jpg 400w\" sizes=\"auto, (max-width: 2560px) 100vw, 2560px\" \/><\/figure>\n<\/div>\n\n\n\n<p><a rel=\"noreferrer noopener\" href=\"https:\/\/www.linkedin.com\/in\/lucasandradearq\" target=\"_blank\">LinkedIn<\/a><\/p>\n\n\n\n<p><\/p>","protected":false},"excerpt":{"rendered":"<p>Graduado em Arquitetura e Urbanismo, com P\u00f3s-gradua\u00e7\u00e3o em Arquitetura Comercial &amp; Visual Merchandising, atuo desde 2012 na cria\u00e7\u00e3o de projetos para o varejo. Passei por grandes est\u00fadios e ag\u00eancias especializadas em design para o ponto de venda, com trabalhos reconhecidos por pr\u00eamios como o Design de Varejo (Retail Design Institute) e o Inova\u00e7\u00e3o em Design [&hellip;]<\/p>","protected":false},"author":1,"featured_media":0,"parent":0,"menu_order":0,"comment_status":"closed","ping_status":"closed","template":"page-templates\/team.php","meta":{"footnotes":""},"class_list":["post-16","page","type-page","status-publish","hentry"],"_links":{"self":[{"href":"https:\/\/lucasandrade.com.br\/en\/wp-json\/wp\/v2\/pages\/16","targetHints":{"allow":["GET"]}}],"collection":[{"href":"https:\/\/lucasandrade.com.br\/en\/wp-json\/wp\/v2\/pages"}],"about":[{"href":"https:\/\/lucasandrade.com.br\/en\/wp-json\/wp\/v2\/types\/page"}],"author":[{"embeddable":true,"href":"https:\/\/lucasandrade.com.br\/en\/wp-json\/wp\/v2\/users\/1"}],"replies":[{"embeddable":true,"href":"https:\/\/lucasandrade.com.br\/en\/wp-json\/wp\/v2\/comments?post=16"}],"version-history":[{"count":55,"href":"https:\/\/lucasandrade.com.br\/en\/wp-json\/wp\/v2\/pages\/16\/revisions"}],"predecessor-version":[{"id":1172,"href":"https:\/\/lucasandrade.com.br\/en\/wp-json\/wp\/v2\/pages\/16\/revisions\/1172"}],"wp:attachment":[{"href":"https:\/\/lucasandrade.com.br\/en\/wp-json\/wp\/v2\/media?parent=16"}],"curies":[{"name":"wp","href":"https:\/\/api.w.org\/{rel}","templated":true}]}}